{"id":1710,"date":"2022-07-04T15:06:28","date_gmt":"2022-07-04T13:06:28","guid":{"rendered":"https:\/\/rover-instruments.de\/?page_id=1710"},"modified":"2025-02-19T09:18:52","modified_gmt":"2025-02-19T08:18:52","slug":"technische-daten-hd-tab-7-ultra","status":"publish","type":"page","link":"https:\/\/www.rover-instruments.de\/index.php\/technische-daten-hd-tab-7-ultra\/","title":{"rendered":"Technische Daten HD TAB 7 ULTRA"},"content":{"rendered":"\t\t<div data-elementor-type=\"wp-page\" data-elementor-id=\"1710\" class=\"elementor elementor-1710\" data-elementor-post-type=\"page\">\n\t\t\t\t\t\t<section class=\"elementor-section elementor-top-section elementor-element elementor-element-e7c98a9 elementor-section-boxed elementor-section-height-default elementor-section-height-default wpr-particle-no wpr-jarallax-no wpr-parallax-no wpr-sticky-section-no\" data-id=\"e7c98a9\" data-element_type=\"section\" data-e-type=\"section\">\n\t\t\t\t\t\t<div class=\"elementor-container elementor-column-gap-default\">\n\t\t\t\t\t<div class=\"elementor-column elementor-col-100 elementor-top-column elementor-element elementor-element-802d899\" data-id=\"802d899\" data-element_type=\"column\" data-e-type=\"column\">\n\t\t\t<div class=\"elementor-widget-wrap elementor-element-populated\">\n\t\t\t\t\t\t<div class=\"elementor-element elementor-element-245a530 elementor-widget elementor-widget-heading\" data-id=\"245a530\" data-element_type=\"widget\" data-e-type=\"widget\" data-widget_type=\"heading.default\">\n\t\t\t\t<div class=\"elementor-widget-container\">\n\t\t\t\t\t<h2 class=\"elementor-heading-title elementor-size-default\">Technische Daten HD TAB 7 ULTRA<\/h2>\t\t\t\t<\/div>\n\t\t\t\t<\/div>\n\t\t\t\t\t<\/div>\n\t\t<\/div>\n\t\t\t\t\t<\/div>\n\t\t<\/section>\n\t\t\t\t<section class=\"elementor-section elementor-top-section elementor-element elementor-element-f97b415 elementor-section-boxed elementor-section-height-default elementor-section-height-default wpr-particle-no wpr-jarallax-no wpr-parallax-no wpr-sticky-section-no\" data-id=\"f97b415\" data-element_type=\"section\" data-e-type=\"section\">\n\t\t\t\t\t\t<div class=\"elementor-container elementor-column-gap-default\">\n\t\t\t\t\t<div class=\"elementor-column elementor-col-100 elementor-top-column elementor-element elementor-element-bde6e66\" data-id=\"bde6e66\" data-element_type=\"column\" data-e-type=\"column\">\n\t\t\t<div class=\"elementor-widget-wrap elementor-element-populated\">\n\t\t\t\t\t\t<div class=\"elementor-element elementor-element-ab01125 elementor-widget elementor-widget-text-editor\" data-id=\"ab01125\" data-element_type=\"widget\" data-e-type=\"widget\" data-widget_type=\"text-editor.default\">\n\t\t\t\t<div class=\"elementor-widget-container\">\n\t\t\t\t\t\t\t\t\t<p><u>HAUPTFUNKTIONEN<\/u><\/p><ul><li><strong>Frequenzbereich:\u00a0<\/strong>TV, CATV und Radio 4 &#8211; 1250 MHz\u00a0\u00a0 SAT 930 &#8211; 2.610 MHz Wide Band 230-2610 MHz<\/li><li><strong>Frequenzaufl\u00f6sung:\u00a0<\/strong>TV und CATV 25 KHz\u00a0\u00a0 SAT 5 MHz<\/li><li><strong>Eingangs-Imdepanz:<\/strong>75 Ohm (austauschbare \u201cF\u201d Stecker)<\/li><li><strong>Digitale Messungen:\u00a0<\/strong>Digital Power, MER (36 bis 40 dB max.; abh\u00e4ngig von der Modulation), BER,\u00a0 \u00a0PER, LDPC, BCH, Noise Margin, MER versus CARRIER<\/li><\/ul><ul><li><strong style=\"background-color: transparent; color: var( --e-global-color-text ); font-family: var( --e-global-typography-text-font-family ), Sans-serif;\">Analoge Messungen (ohne Bild):<\/strong><span style=\"background-color: transparent; color: var( --e-global-color-text ); font-family: var( --e-global-typography-text-font-family ), Sans-serif; font-weight: var( --e-global-typography-text-font-weight );\">Analog Level, V\/A ratio<\/span><\/li><li><strong>Leistungsbereich-Messungen:\u00a0<\/strong>TV 5 bis 115 dB\u00b5V, SAT 30 bis 105 dB\u00b5V<\/li><li><strong>Messaufl\u00f6sung:<\/strong>0,1 dB<\/li><li><strong>Messgenauigkeit:<\/strong>1 dB typ. (2 dB max.)<\/li><li><strong>Filteraufl\u00f6sung Bandbreite:\u00a0<\/strong>TV und CATV: 100 KHz @ -3dB\u00a0\u00a0 SAT 1 MHz @-3 dB<\/li><li><strong>Netz-ID:\u00a0<\/strong>Net-id, NID, TSID, LCN, SAT Orbit Position<\/li><li><strong>Spektrum mit MAX HOLD:\u00a0<\/strong>volles Spektrum und Erkennung mit Echtzeit-Funktion<\/li><li><strong>Konstellation:\u00a0<\/strong>f\u00fcr TV\/CATV und SAT Signale<\/li><li><strong>Echos, Pre-Echos, Micro-Echos:\u00a0<\/strong>Echtzeitanzeige<\/li><li><strong>Qualit\u00e4t:\u00a0<\/strong>Digitaler-Auto-Qualit\u00e4ts-Test: PASS-MARGINAL-FAIL<\/li><li><strong>digitale Bilddarstellung<\/strong>: MPEG2-4 SD &amp; HD, Bilder mit Programm Liste, Audio Video PIDs, LCN, Videobitrate \u2013 alles auf einem Bildschirm (DVB-T2 mit H.264 MPEG-4 <strong>NICHT<\/strong> H.265\/HEVC (Deutschland); H 265 HEVC ist als Option zus\u00e4tzlich bestellbar ab Werk)<\/li><\/ul><ul><li><strong>SAT-Memory-Plan: M<\/strong>ehr als 2.000 Transponder f\u00fcr weltweite Satelliten<\/li><li><strong>benutzerdefinierter Kanalplan:\u00a0<\/strong>Programmierbares Fernsehen Kabel, SAT (oder kombiniertes Fernsehen Kabel\/SAT) durch PC oder lokale Tastatur<\/li><\/ul><ul><li><strong>Logger:\u00a0<\/strong>Kabel, SAT oder kombiniert mit Stop &amp; Go Funktion<\/li><li><strong>Audio:\u00a0<\/strong>AAC (ohne DOLBY-PAKET)<\/li><li><b>exklusiv patentiertes ROVER AUTODISCOVERY-System: <\/b>Erkennt und w\u00e4hlt automatisch analoge und digitale COFDM\/QAM TV Signale in Messungs- und Spektrums-Modus.<\/li><\/ul><ul><li><strong>Hilfe-Funktion: <\/strong>Erkennt automatische alle Signale mit digitaler Modulation SAT, TV und CATV<\/li><li><strong>automatischer Assistent:\u00a0<\/strong>Signal-Qualit\u00e4ts-Analyse, Speichern des Kanalsuchlaufs<\/li><li><strong>Barscan TV und CATV:\u00a0<\/strong>10 bis 100 Kan\u00e4le auf einem Bildschirm<\/li><li><strong>Summer und Rauschabstand:\u00a0<\/strong>10Echtzeitanzeige f\u00fcr Mikrost\u00f6rungen &#8211; digitale Signale<\/li><li><strong>SAT<\/strong>DiSEqC, SCR, CSS und Antennenbefehle HD SATEXPERT Funktion inklusive<\/li><\/ul><ul><li><strong>kostenloses SMART PC-Schnittstellenprogramm und FW-Upgrades<\/strong><\/li><li><strong>\u00a0<\/strong><\/li><\/ul><p><strong><u>Allgemeine Spezifikationen<\/u><\/strong><\/p><ul><li>7<strong>\u201dTFT TOUCH Display\u00a0<\/strong>16:9 Aufl\u00f6sung<\/li><li><strong>Gleichspannung am HF-Eingang\u00a0<\/strong>5 &#8211; 12 \u2013 18 &#8211; 24 V, DiSEqC, SCR, dCSS.<\/li><li><strong>Batterie:\u00a0<\/strong>Li-Po Batterie, 2 bis 4 Stunden Laufzeit (abh\u00e4ngig von der Nutzung) und Batterie-Test-Funktion<\/li><\/ul><ul><li><strong>USB-PC Schnittstelle: <\/strong>F\u00fcr SW-Upgrade Online und Speicherplanverwaltung<\/li><li><b>USB-PC Schnittstelle: <\/b>F\u00fcr Speicherstick<\/li><li><strong>Geh\u00e4use &amp; Tasche:\u00a0<\/strong>Metall-Geh\u00e4use und Tasche.<\/li><li><strong>Gewicht:\u00a0<\/strong>1,8 Kg. Abmessungen 27 x 15,5 x 4,0 cm (nur Messger\u00e4t)<\/li><li>\u00a0<\/li><\/ul><p><strong><u>OPTIONEN\u00a0(zus\u00e4tzlich bestellbar ab Werk<\/u><\/strong><\/p><ul><li><strong>H 265 HEVC<\/strong><\/li><li><strong>Optischer Eingang<\/strong><\/li><li><strong>Wi-Fi Analyzer<\/strong><\/li><\/ul><p>\u00a0<\/p><p>\u00c4nderungen\/Irrt\u00fcmer vorbehalten!<\/p>\t\t\t\t\t\t\t\t<\/div>\n\t\t\t\t<\/div>\n\t\t\t\t\t<\/div>\n\t\t<\/div>\n\t\t\t\t\t<\/div>\n\t\t<\/section>\n\t\t\t\t<\/div>\n\t\t","protected":false},"excerpt":{"rendered":"<p>Technische Daten HD TAB 7 ULTRA HAUPTFUNKTIONEN Frequenzbereich:\u00a0TV, CATV und Radio 4 &#8211; 1250 MHz\u00a0\u00a0 SAT 930 &#8211; 2.610 MHz Wide Band 230-2610 MHz Frequenzaufl\u00f6sung:\u00a0TV und CATV 25 KHz\u00a0\u00a0 SAT 5 MHz Eingangs-Imdepanz:75 Ohm (austauschbare \u201cF\u201d Stecker) Digitale Messungen:\u00a0Digital Power, MER (36 bis 40 dB max.; abh\u00e4ngig von der Modulation), BER,\u00a0 \u00a0PER, LDPC, BCH, Noise Margin, MER versus CARRIER Analoge Messungen (ohne Bild):Analog Level, V\/A ratio Leistungsbereich-Messungen:\u00a0TV 5 bis 115 dB\u00b5V, SAT 30 bis 105 dB\u00b5V Messaufl\u00f6sung:0,1 dB Messgenauigkeit:1 dB typ. (2 dB max.) Filteraufl\u00f6sung Bandbreite:\u00a0TV und CATV: 100 KHz @ -3dB\u00a0\u00a0 SAT 1 MHz @-3 dB Netz-ID:\u00a0Net-id, NID, TSID, LCN, SAT Orbit Position Spektrum mit MAX HOLD:\u00a0volles Spektrum und Erkennung mit Echtzeit-Funktion Konstellation:\u00a0f\u00fcr TV\/CATV und SAT Signale Echos, Pre-Echos, Micro-Echos:\u00a0Echtzeitanzeige Qualit\u00e4t:\u00a0Digitaler-Auto-Qualit\u00e4ts-Test: PASS-MARGINAL-FAIL digitale Bilddarstellung: MPEG2-4 SD &amp; HD, Bilder mit Programm Liste, Audio Video PIDs, LCN, Videobitrate \u2013 alles auf einem Bildschirm (DVB-T2 mit H.264 MPEG-4 NICHT H.265\/HEVC (Deutschland); H 265 HEVC ist als Option zus\u00e4tzlich bestellbar ab Werk) SAT-Memory-Plan: Mehr als 2.000 Transponder f\u00fcr weltweite Satelliten benutzerdefinierter Kanalplan:\u00a0Programmierbares Fernsehen Kabel, SAT (oder kombiniertes Fernsehen Kabel\/SAT) durch PC oder lokale Tastatur Logger:\u00a0Kabel, SAT oder kombiniert mit Stop &amp; Go Funktion Audio:\u00a0AAC (ohne DOLBY-PAKET) exklusiv patentiertes ROVER AUTODISCOVERY-System: Erkennt und w\u00e4hlt automatisch analoge und digitale COFDM\/QAM TV Signale in Messungs- und Spektrums-Modus. Hilfe-Funktion: Erkennt automatische alle Signale mit digitaler Modulation SAT, TV und CATV automatischer Assistent:\u00a0Signal-Qualit\u00e4ts-Analyse, Speichern des Kanalsuchlaufs Barscan TV und CATV:\u00a010 bis 100 Kan\u00e4le auf einem Bildschirm Summer und Rauschabstand:\u00a010Echtzeitanzeige f\u00fcr Mikrost\u00f6rungen &#8211; digitale Signale SATDiSEqC, SCR, CSS und Antennenbefehle HD SATEXPERT Funktion inklusive kostenloses SMART PC-Schnittstellenprogramm und FW-Upgrades \u00a0 Allgemeine Spezifikationen 7\u201dTFT TOUCH Display\u00a016:9 Aufl\u00f6sung Gleichspannung am HF-Eingang\u00a05 &#8211; 12 \u2013 18 &#8211; 24 V, DiSEqC, SCR, dCSS. Batterie:\u00a0Li-Po Batterie, 2 bis 4 Stunden Laufzeit (abh\u00e4ngig von der Nutzung) und Batterie-Test-Funktion USB-PC Schnittstelle: F\u00fcr SW-Upgrade Online und Speicherplanverwaltung USB-PC Schnittstelle: F\u00fcr Speicherstick Geh\u00e4use &amp; Tasche:\u00a0Metall-Geh\u00e4use und Tasche. Gewicht:\u00a01,8 Kg. Abmessungen 27 x 15,5 x 4,0 cm (nur Messger\u00e4t) \u00a0 OPTIONEN\u00a0(zus\u00e4tzlich bestellbar ab Werk H 265 HEVC Optischer Eingang Wi-Fi Analyzer \u00a0 \u00c4nderungen\/Irrt\u00fcmer vorbehalten!<\/p>\n","protected":false},"author":1,"featured_media":0,"parent":0,"menu_order":0,"comment_status":"closed","ping_status":"closed","template":"","meta":{"footnotes":""},"class_list":["post-1710","page","type-page","status-publish","hentry"],"yoast_head":"<!-- This site is optimized with the Yoast SEO plugin v26.9 - https:\/\/yoast.com\/product\/yoast-seo-wordpress\/ -->\n<title>Technische Daten HD TAB 7 ULTRA - ROVER Instruments<\/title>\n<meta name=\"description\" content=\"Technische Daten HD TAB 7 ULTRA mit allen derzeit aktuellen Werten der Messger\u00e4te ROVER INSTRUMENTS KREILING TECHNOLOGIEN\" \/>\n<meta name=\"robots\" content=\"index, follow, max-snippet:-1, max-image-preview:large, max-video-preview:-1\" \/>\n<link rel=\"canonical\" href=\"https:\/\/www.rover-instruments.de\/index.php\/technische-daten-hd-tab-7-ultra\/\" \/>\n<meta property=\"og:locale\" content=\"de_DE\" \/>\n<meta property=\"og:type\" content=\"article\" \/>\n<meta property=\"og:title\" content=\"Technische Daten HD TAB 7 ULTRA - ROVER Instruments\" \/>\n<meta property=\"og:description\" content=\"Technische Daten HD TAB 7 ULTRA mit allen derzeit aktuellen Werten der Messger\u00e4te ROVER INSTRUMENTS KREILING TECHNOLOGIEN\" \/>\n<meta property=\"og:url\" content=\"https:\/\/www.rover-instruments.de\/index.php\/technische-daten-hd-tab-7-ultra\/\" \/>\n<meta property=\"og:site_name\" content=\"ROVER Instruments\" \/>\n<meta property=\"article:modified_time\" content=\"2025-02-19T08:18:52+00:00\" \/>\n<meta name=\"twitter:card\" content=\"summary_large_image\" \/>\n<meta name=\"twitter:label1\" content=\"Gesch\u00e4tzte Lesezeit\" \/>\n\t<meta name=\"twitter:data1\" content=\"2\u00a0Minuten\" \/>\n<script type=\"application\/ld+json\" class=\"yoast-schema-graph\">{\"@context\":\"https:\/\/schema.org\",\"@graph\":[{\"@type\":\"WebPage\",\"@id\":\"https:\/\/www.rover-instruments.de\/index.php\/technische-daten-hd-tab-7-ultra\/\",\"url\":\"https:\/\/www.rover-instruments.de\/index.php\/technische-daten-hd-tab-7-ultra\/\",\"name\":\"Technische Daten HD TAB 7 ULTRA - ROVER Instruments\",\"isPartOf\":{\"@id\":\"https:\/\/www.rover-instruments.de\/#website\"},\"datePublished\":\"2022-07-04T13:06:28+00:00\",\"dateModified\":\"2025-02-19T08:18:52+00:00\",\"description\":\"Technische Daten HD TAB 7 ULTRA mit allen derzeit aktuellen Werten der Messger\u00e4te ROVER INSTRUMENTS KREILING TECHNOLOGIEN\",\"breadcrumb\":{\"@id\":\"https:\/\/www.rover-instruments.de\/index.php\/technische-daten-hd-tab-7-ultra\/#breadcrumb\"},\"inLanguage\":\"de\",\"potentialAction\":[{\"@type\":\"ReadAction\",\"target\":[\"https:\/\/www.rover-instruments.de\/index.php\/technische-daten-hd-tab-7-ultra\/\"]}]},{\"@type\":\"BreadcrumbList\",\"@id\":\"https:\/\/www.rover-instruments.de\/index.php\/technische-daten-hd-tab-7-ultra\/#breadcrumb\",\"itemListElement\":[{\"@type\":\"ListItem\",\"position\":1,\"name\":\"Startseite\",\"item\":\"https:\/\/www.rover-instruments.de\/\"},{\"@type\":\"ListItem\",\"position\":2,\"name\":\"Technische Daten HD TAB 7 ULTRA\"}]},{\"@type\":\"WebSite\",\"@id\":\"https:\/\/www.rover-instruments.de\/#website\",\"url\":\"https:\/\/www.rover-instruments.de\/\",\"name\":\"ROVER Instruments\",\"description\":\"Messger\u00e4te f\u00fcr Satellit, Kabel, Terrestrik\",\"publisher\":{\"@id\":\"https:\/\/www.rover-instruments.de\/#organization\"},\"potentialAction\":[{\"@type\":\"SearchAction\",\"target\":{\"@type\":\"EntryPoint\",\"urlTemplate\":\"https:\/\/www.rover-instruments.de\/?s={search_term_string}\"},\"query-input\":{\"@type\":\"PropertyValueSpecification\",\"valueRequired\":true,\"valueName\":\"search_term_string\"}}],\"inLanguage\":\"de\"},{\"@type\":\"Organization\",\"@id\":\"https:\/\/www.rover-instruments.de\/#organization\",\"name\":\"Rover Instruments\",\"url\":\"https:\/\/www.rover-instruments.de\/\",\"logo\":{\"@type\":\"ImageObject\",\"inLanguage\":\"de\",\"@id\":\"https:\/\/www.rover-instruments.de\/#\/schema\/logo\/image\/\",\"url\":\"https:\/\/rover-instruments.de\/wp-content\/uploads\/2022\/05\/logo-ROVER-Instruments-512.jpg\",\"contentUrl\":\"https:\/\/rover-instruments.de\/wp-content\/uploads\/2022\/05\/logo-ROVER-Instruments-512.jpg\",\"width\":512,\"height\":182,\"caption\":\"Rover Instruments\"},\"image\":{\"@id\":\"https:\/\/www.rover-instruments.de\/#\/schema\/logo\/image\/\"}}]}<\/script>\n<!-- \/ Yoast SEO plugin. -->","yoast_head_json":{"title":"Technische Daten HD TAB 7 ULTRA - ROVER Instruments","description":"Technische Daten HD TAB 7 ULTRA mit allen derzeit aktuellen Werten der Messger\u00e4te ROVER INSTRUMENTS KREILING TECHNOLOGIEN","robots":{"index":"index","follow":"follow","max-snippet":"max-snippet:-1","max-image-preview":"max-image-preview:large","max-video-preview":"max-video-preview:-1"},"canonical":"https:\/\/www.rover-instruments.de\/index.php\/technische-daten-hd-tab-7-ultra\/","og_locale":"de_DE","og_type":"article","og_title":"Technische Daten HD TAB 7 ULTRA - ROVER Instruments","og_description":"Technische Daten HD TAB 7 ULTRA mit allen derzeit aktuellen Werten der Messger\u00e4te ROVER INSTRUMENTS KREILING TECHNOLOGIEN","og_url":"https:\/\/www.rover-instruments.de\/index.php\/technische-daten-hd-tab-7-ultra\/","og_site_name":"ROVER Instruments","article_modified_time":"2025-02-19T08:18:52+00:00","twitter_card":"summary_large_image","twitter_misc":{"Gesch\u00e4tzte Lesezeit":"2\u00a0Minuten"},"schema":{"@context":"https:\/\/schema.org","@graph":[{"@type":"WebPage","@id":"https:\/\/www.rover-instruments.de\/index.php\/technische-daten-hd-tab-7-ultra\/","url":"https:\/\/www.rover-instruments.de\/index.php\/technische-daten-hd-tab-7-ultra\/","name":"Technische Daten HD TAB 7 ULTRA - ROVER Instruments","isPartOf":{"@id":"https:\/\/www.rover-instruments.de\/#website"},"datePublished":"2022-07-04T13:06:28+00:00","dateModified":"2025-02-19T08:18:52+00:00","description":"Technische Daten HD TAB 7 ULTRA mit allen derzeit aktuellen Werten der Messger\u00e4te ROVER INSTRUMENTS KREILING TECHNOLOGIEN","breadcrumb":{"@id":"https:\/\/www.rover-instruments.de\/index.php\/technische-daten-hd-tab-7-ultra\/#breadcrumb"},"inLanguage":"de","potentialAction":[{"@type":"ReadAction","target":["https:\/\/www.rover-instruments.de\/index.php\/technische-daten-hd-tab-7-ultra\/"]}]},{"@type":"BreadcrumbList","@id":"https:\/\/www.rover-instruments.de\/index.php\/technische-daten-hd-tab-7-ultra\/#breadcrumb","itemListElement":[{"@type":"ListItem","position":1,"name":"Startseite","item":"https:\/\/www.rover-instruments.de\/"},{"@type":"ListItem","position":2,"name":"Technische Daten HD TAB 7 ULTRA"}]},{"@type":"WebSite","@id":"https:\/\/www.rover-instruments.de\/#website","url":"https:\/\/www.rover-instruments.de\/","name":"ROVER Instruments","description":"Messger\u00e4te f\u00fcr Satellit, Kabel, Terrestrik","publisher":{"@id":"https:\/\/www.rover-instruments.de\/#organization"},"potentialAction":[{"@type":"SearchAction","target":{"@type":"EntryPoint","urlTemplate":"https:\/\/www.rover-instruments.de\/?s={search_term_string}"},"query-input":{"@type":"PropertyValueSpecification","valueRequired":true,"valueName":"search_term_string"}}],"inLanguage":"de"},{"@type":"Organization","@id":"https:\/\/www.rover-instruments.de\/#organization","name":"Rover Instruments","url":"https:\/\/www.rover-instruments.de\/","logo":{"@type":"ImageObject","inLanguage":"de","@id":"https:\/\/www.rover-instruments.de\/#\/schema\/logo\/image\/","url":"https:\/\/rover-instruments.de\/wp-content\/uploads\/2022\/05\/logo-ROVER-Instruments-512.jpg","contentUrl":"https:\/\/rover-instruments.de\/wp-content\/uploads\/2022\/05\/logo-ROVER-Instruments-512.jpg","width":512,"height":182,"caption":"Rover Instruments"},"image":{"@id":"https:\/\/www.rover-instruments.de\/#\/schema\/logo\/image\/"}}]}},"_links":{"self":[{"href":"https:\/\/www.rover-instruments.de\/index.php\/wp-json\/wp\/v2\/pages\/1710","targetHints":{"allow":["GET"]}}],"collection":[{"href":"https:\/\/www.rover-instruments.de\/index.php\/wp-json\/wp\/v2\/pages"}],"about":[{"href":"https:\/\/www.rover-instruments.de\/index.php\/wp-json\/wp\/v2\/types\/page"}],"author":[{"embeddable":true,"href":"https:\/\/www.rover-instruments.de\/index.php\/wp-json\/wp\/v2\/users\/1"}],"replies":[{"embeddable":true,"href":"https:\/\/www.rover-instruments.de\/index.php\/wp-json\/wp\/v2\/comments?post=1710"}],"version-history":[{"count":17,"href":"https:\/\/www.rover-instruments.de\/index.php\/wp-json\/wp\/v2\/pages\/1710\/revisions"}],"predecessor-version":[{"id":4231,"href":"https:\/\/www.rover-instruments.de\/index.php\/wp-json\/wp\/v2\/pages\/1710\/revisions\/4231"}],"wp:attachment":[{"href":"https:\/\/www.rover-instruments.de\/index.php\/wp-json\/wp\/v2\/media?parent=1710"}],"curies":[{"name":"wp","href":"https:\/\/api.w.org\/{rel}","templated":true}]}}