{"id":3526,"date":"2023-03-30T13:28:51","date_gmt":"2023-03-30T11:28:51","guid":{"rendered":"https:\/\/www.rover-instruments.de\/?page_id=3526"},"modified":"2025-02-19T09:16:47","modified_gmt":"2025-02-19T08:16:47","slug":"technische-daten-hd-tab-5-lite-2","status":"publish","type":"page","link":"https:\/\/www.rover-instruments.de\/index.php\/technische-daten-hd-tab-5-lite-2\/","title":{"rendered":"Technische Daten HD TAB 5 LITE"},"content":{"rendered":"\t\t<div data-elementor-type=\"wp-page\" data-elementor-id=\"3526\" class=\"elementor elementor-3526\" data-elementor-post-type=\"page\">\n\t\t\t\t\t\t<section class=\"elementor-section elementor-top-section elementor-element elementor-element-cb315d0 elementor-section-boxed elementor-section-height-default elementor-section-height-default wpr-particle-no wpr-jarallax-no wpr-parallax-no wpr-sticky-section-no\" data-id=\"cb315d0\" data-element_type=\"section\" data-e-type=\"section\">\n\t\t\t\t\t\t<div class=\"elementor-container elementor-column-gap-default\">\n\t\t\t\t\t<div class=\"elementor-column elementor-col-100 elementor-top-column elementor-element elementor-element-31ddd37\" data-id=\"31ddd37\" data-element_type=\"column\" data-e-type=\"column\">\n\t\t\t<div class=\"elementor-widget-wrap elementor-element-populated\">\n\t\t\t\t\t\t<div class=\"elementor-element elementor-element-4648bd7 elementor-widget elementor-widget-heading\" data-id=\"4648bd7\" data-element_type=\"widget\" data-e-type=\"widget\" data-widget_type=\"heading.default\">\n\t\t\t\t<div class=\"elementor-widget-container\">\n\t\t\t\t\t<h2 class=\"elementor-heading-title elementor-size-default\">Technische Daten HD TAB 5 LITE<\/h2>\t\t\t\t<\/div>\n\t\t\t\t<\/div>\n\t\t\t\t\t<\/div>\n\t\t<\/div>\n\t\t\t\t\t<\/div>\n\t\t<\/section>\n\t\t\t\t<section class=\"elementor-section elementor-top-section elementor-element elementor-element-7f5018e elementor-section-boxed elementor-section-height-default elementor-section-height-default wpr-particle-no wpr-jarallax-no wpr-parallax-no wpr-sticky-section-no\" data-id=\"7f5018e\" data-element_type=\"section\" data-e-type=\"section\">\n\t\t\t\t\t\t<div class=\"elementor-container elementor-column-gap-default\">\n\t\t\t\t\t<div class=\"elementor-column elementor-col-100 elementor-top-column elementor-element elementor-element-68fb4dd\" data-id=\"68fb4dd\" data-element_type=\"column\" data-e-type=\"column\">\n\t\t\t<div class=\"elementor-widget-wrap elementor-element-populated\">\n\t\t\t\t\t\t<div class=\"elementor-element elementor-element-5bc9dc9 elementor-widget elementor-widget-text-editor\" data-id=\"5bc9dc9\" data-element_type=\"widget\" data-e-type=\"widget\" data-widget_type=\"text-editor.default\">\n\t\t\t\t<div class=\"elementor-widget-container\">\n\t\t\t\t\t\t\t\t\t<p><strong><u>HAUPTFUNKTIONEN<\/u><\/strong><\/p><ul><li><strong>Frequenzbereich:<\/strong> TV, CATV und Radio 30 &#8211; 1000 MHz\u00a0 \u00a0SAT 700 &#8211; 2.700 MHz<\/li><\/ul><ul><li><strong>Frequenzaufl\u00f6sung:<\/strong> TV und CATV 25 KHz\u00a0 SAT 5 MHz<\/li><\/ul><ul><li><strong>Eingangs-Imdepanz:<\/strong> 75 Ohm (austauschbare \u201cF\u201d Stecker)<\/li><li><strong>Digitale Messungen:<\/strong> Digital Power, MER (36 bis 40 dB max.; abh\u00e4ngig von der Modulation), BER, PER, LDPC, BCH, Noise Margin, MER versus CARRIER<\/li><\/ul><ul><li><strong>Analoge Messungen (ohne Bild):<\/strong> Analog Level, V\/A ratio<\/li><li><strong>Leistungsbereich-Messungen:<\/strong> TV 35 bis 115 dB\u00b5V, SAT 5 bis 105 dB\u00b5V<\/li><li><strong>Messaufl\u00f6sung:<\/strong> 0,1 dB<\/li><li><strong>Messgenauigkeit:<\/strong> 1 dB typ. (2 dB max.)<\/li><li><strong>Filteraufl\u00f6sung Bandbreite:<\/strong> TV und CATV: 100 KHz @ -3dB SAT 5 MHz @-3 dB<\/li><\/ul><ul><li><strong>Netz-ID:<\/strong> Net-id, NID, TSID, LCN, SAT Orbit Position<\/li><li><strong>Spektrum mit MAX HOLD:<\/strong> volles Spektrum und Erkennung mit Echtzeit-Funktion<\/li><li><strong>Konstellation:<\/strong> f\u00fcr TV\/CATV und SAT Signale<\/li><li><strong>Echos, Pre-Echos, Micro-Echos:<\/strong> Echtzeitanzeige<\/li><li><strong>Qualit\u00e4t:<\/strong> Digitaler-Auto-Qualit\u00e4ts-Test: PASS-MARGINAL-FAIL<\/li><li><strong>digitale Bilddarstellung<\/strong>: MPEG2-4 SD &amp; HD, Bilder mit Programm Liste, Audio Video PIDs, LCN, Videobitrate \u2013 alles auf einem Bildschirm (DVB-T2 mit H.264 MPEG-4 <strong>NICHT<\/strong> H.265\/HEVC (Deutschland);<\/li><\/ul><ul><li><strong>SAT-Memory-Plan:<\/strong> mehr als 2.000 Transponder f\u00fcr weltweite Satelliten<\/li><li><strong>benutzerdefinierter Kanalplan:<\/strong> 25 (199 Kan\u00e4le per Plan), programmierbares Fernsehen Kabel, SAT (oder kombiniertes Fernsehen Kabel\/SAT) durch PC oder lokale Tastatur<\/li><\/ul><ul><li><strong>Logger:<\/strong> Kabel, SAT oder kombiniert mit Stop &amp; Go Funktion<\/li><li><strong>Audio:<\/strong> AAC (ohne DOLBY-PAKET)<\/li><li><strong>exclusiv patentiertes ROVER AUTODISCOVERY-System:<\/strong> erkennt und w\u00e4hlt automatisch analoge und digitale COFDM\/QAM TV Signale in Messungs- und Spektrums-Modus.<\/li><\/ul><ul><li><strong>Hilfe-Funktion:<\/strong> erkennt automatische alle Signale mit digitaler Modulation SAT, TV und CATV<\/li><li><strong>automatischer Assistent:<\/strong> Signal-Qualit\u00e4ts-Anlayse, Speichern des Kanalsuchlaufs<\/li><li><strong>Barscan TV und CATV:<\/strong> 10 bis 100 Kan\u00e4le auf einem Bildschirm<\/li><\/ul><p>\u00a0 \u00a0 \u00a0 \u00a0\u2022\u00a0 \u00a0<strong>Summer und Rausschabstand:<\/strong> Echtzeitanzeige f\u00fcr Mikrost\u00f6rungen \u2013 digitale Signale<\/p><ul><li><strong>SAT<\/strong> DiSEqC, SCR, dCSS und Antennenbefehle HD SATEXPERT Funktion inklusive<\/li><\/ul><ul><li><strong>kostenloses SMART PC-Schnittstellenprogramm und FW-Upgrades<\/strong><\/li><\/ul><p><strong><u>Allgemeine Spezifikationen<\/u><\/strong><\/p><ul><li>5<strong>\u201dTFT TOUCH Display<\/strong> 16:9 Aufl\u00f6sung High Resoultion und High Brightness<\/li><li><strong>Gleichspannung am HF-Eingang<\/strong> 5 &#8211; 12 \u2013 18 &#8211; 24 V, DC DiSEqC, SCR, dCSS.<\/li><li><strong>Batterie:<\/strong> Li-Po Batterie, 2 bis 4 Stunden Laufzeit (abh\u00e4ngig von der Nutzung) und Batterie-Test-Funktion<\/li><\/ul><ul><li><strong>USB-PC Schnittstelle:<\/strong> f\u00fcr SW-Upgrade Online und Speicherplanverwaltung<\/li><li><strong>USB-PC Schnittstelle: <\/strong>f\u00fcr Speicherstick<\/li><li><strong>Geh\u00e4use &amp; Tasche:<\/strong> Metall-Geh\u00e4use. Easy Bag oder Elite Bag\u00a0 optional erh\u00e4ltlich.<\/li><\/ul><ul><li><strong>Gewicht:<\/strong> 1,4 Kg. Abmessungen 25,5 x 13,0 x 4,0 cm (nur Messger\u00e4t)<\/li><\/ul><p>\u00a0<\/p><p>\u00c4nderungen\/Irrt\u00fcmer vorbehalten!<\/p>\t\t\t\t\t\t\t\t<\/div>\n\t\t\t\t<\/div>\n\t\t\t\t\t<\/div>\n\t\t<\/div>\n\t\t\t\t\t<\/div>\n\t\t<\/section>\n\t\t\t\t<\/div>\n\t\t","protected":false},"excerpt":{"rendered":"<p>Technische Daten HD TAB 5 LITE HAUPTFUNKTIONEN Frequenzbereich: TV, CATV und Radio 30 &#8211; 1000 MHz\u00a0 \u00a0SAT 700 &#8211; 2.700 MHz Frequenzaufl\u00f6sung: TV und CATV 25 KHz\u00a0 SAT 5 MHz Eingangs-Imdepanz: 75 Ohm (austauschbare \u201cF\u201d Stecker) Digitale Messungen: Digital Power, MER (36 bis 40 dB max.; abh\u00e4ngig von der Modulation), BER, PER, LDPC, BCH, Noise Margin, MER versus CARRIER Analoge Messungen (ohne Bild): Analog Level, V\/A ratio Leistungsbereich-Messungen: TV 35 bis 115 dB\u00b5V, SAT 5 bis 105 dB\u00b5V Messaufl\u00f6sung: 0,1 dB Messgenauigkeit: 1 dB typ. (2 dB max.) Filteraufl\u00f6sung Bandbreite: TV und CATV: 100 KHz @ -3dB SAT 5 MHz @-3 dB Netz-ID: Net-id, NID, TSID, LCN, SAT Orbit Position Spektrum mit MAX HOLD: volles Spektrum und Erkennung mit Echtzeit-Funktion Konstellation: f\u00fcr TV\/CATV und SAT Signale Echos, Pre-Echos, Micro-Echos: Echtzeitanzeige Qualit\u00e4t: Digitaler-Auto-Qualit\u00e4ts-Test: PASS-MARGINAL-FAIL digitale Bilddarstellung: MPEG2-4 SD &amp; HD, Bilder mit Programm Liste, Audio Video PIDs, LCN, Videobitrate \u2013 alles auf einem Bildschirm (DVB-T2 mit H.264 MPEG-4 NICHT H.265\/HEVC (Deutschland); SAT-Memory-Plan: mehr als 2.000 Transponder f\u00fcr weltweite Satelliten benutzerdefinierter Kanalplan: 25 (199 Kan\u00e4le per Plan), programmierbares Fernsehen Kabel, SAT (oder kombiniertes Fernsehen Kabel\/SAT) durch PC oder lokale Tastatur Logger: Kabel, SAT oder kombiniert mit Stop &amp; Go Funktion Audio: AAC (ohne DOLBY-PAKET) exclusiv patentiertes ROVER AUTODISCOVERY-System: erkennt und w\u00e4hlt automatisch analoge und digitale COFDM\/QAM TV Signale in Messungs- und Spektrums-Modus. Hilfe-Funktion: erkennt automatische alle Signale mit digitaler Modulation SAT, TV und CATV automatischer Assistent: Signal-Qualit\u00e4ts-Anlayse, Speichern des Kanalsuchlaufs Barscan TV und CATV: 10 bis 100 Kan\u00e4le auf einem Bildschirm \u00a0 \u00a0 \u00a0 \u00a0\u2022\u00a0 \u00a0Summer und Rausschabstand: Echtzeitanzeige f\u00fcr Mikrost\u00f6rungen \u2013 digitale Signale SAT DiSEqC, SCR, dCSS und Antennenbefehle HD SATEXPERT Funktion inklusive kostenloses SMART PC-Schnittstellenprogramm und FW-Upgrades Allgemeine Spezifikationen 5\u201dTFT TOUCH Display 16:9 Aufl\u00f6sung High Resoultion und High Brightness Gleichspannung am HF-Eingang 5 &#8211; 12 \u2013 18 &#8211; 24 V, DC DiSEqC, SCR, dCSS. Batterie: Li-Po Batterie, 2 bis 4 Stunden Laufzeit (abh\u00e4ngig von der Nutzung) und Batterie-Test-Funktion USB-PC Schnittstelle: f\u00fcr SW-Upgrade Online und Speicherplanverwaltung USB-PC Schnittstelle: f\u00fcr Speicherstick Geh\u00e4use &amp; Tasche: Metall-Geh\u00e4use. Easy Bag oder Elite Bag\u00a0 optional erh\u00e4ltlich. Gewicht: 1,4 Kg. Abmessungen 25,5 x 13,0 x 4,0 cm (nur Messger\u00e4t) \u00a0 \u00c4nderungen\/Irrt\u00fcmer vorbehalten!<\/p>\n","protected":false},"author":1,"featured_media":0,"parent":0,"menu_order":0,"comment_status":"closed","ping_status":"closed","template":"","meta":{"footnotes":""},"class_list":["post-3526","page","type-page","status-publish","hentry"],"yoast_head":"<!-- This site is optimized with the Yoast SEO plugin v26.9 - https:\/\/yoast.com\/product\/yoast-seo-wordpress\/ -->\n<title>Technische Daten HD TAB 5 LITE - ROVER Instruments<\/title>\n<meta name=\"description\" content=\"Technische Daten HD TAB 5 LITE mit allen derzeit aktuellen Werten der Messger\u00e4te ROVER INSTRUMENTS KREILING TECHNOLOGIEN\" \/>\n<meta name=\"robots\" content=\"index, follow, max-snippet:-1, max-image-preview:large, max-video-preview:-1\" \/>\n<link rel=\"canonical\" href=\"https:\/\/www.rover-instruments.de\/index.php\/technische-daten-hd-tab-5-lite-2\/\" \/>\n<meta property=\"og:locale\" content=\"de_DE\" \/>\n<meta property=\"og:type\" content=\"article\" \/>\n<meta property=\"og:title\" content=\"Technische Daten HD TAB 5 LITE - ROVER Instruments\" \/>\n<meta property=\"og:description\" content=\"Technische Daten HD TAB 5 LITE mit allen derzeit aktuellen Werten der Messger\u00e4te ROVER INSTRUMENTS KREILING TECHNOLOGIEN\" \/>\n<meta property=\"og:url\" content=\"https:\/\/www.rover-instruments.de\/index.php\/technische-daten-hd-tab-5-lite-2\/\" \/>\n<meta property=\"og:site_name\" content=\"ROVER Instruments\" \/>\n<meta property=\"article:modified_time\" content=\"2025-02-19T08:16:47+00:00\" \/>\n<meta name=\"twitter:card\" content=\"summary_large_image\" \/>\n<meta name=\"twitter:label1\" content=\"Gesch\u00e4tzte Lesezeit\" \/>\n\t<meta name=\"twitter:data1\" content=\"2\u00a0Minuten\" \/>\n<script type=\"application\/ld+json\" class=\"yoast-schema-graph\">{\"@context\":\"https:\/\/schema.org\",\"@graph\":[{\"@type\":\"WebPage\",\"@id\":\"https:\/\/www.rover-instruments.de\/index.php\/technische-daten-hd-tab-5-lite-2\/\",\"url\":\"https:\/\/www.rover-instruments.de\/index.php\/technische-daten-hd-tab-5-lite-2\/\",\"name\":\"Technische Daten HD TAB 5 LITE - ROVER Instruments\",\"isPartOf\":{\"@id\":\"https:\/\/www.rover-instruments.de\/#website\"},\"datePublished\":\"2023-03-30T11:28:51+00:00\",\"dateModified\":\"2025-02-19T08:16:47+00:00\",\"description\":\"Technische Daten HD TAB 5 LITE mit allen derzeit aktuellen Werten der Messger\u00e4te ROVER INSTRUMENTS KREILING TECHNOLOGIEN\",\"breadcrumb\":{\"@id\":\"https:\/\/www.rover-instruments.de\/index.php\/technische-daten-hd-tab-5-lite-2\/#breadcrumb\"},\"inLanguage\":\"de\",\"potentialAction\":[{\"@type\":\"ReadAction\",\"target\":[\"https:\/\/www.rover-instruments.de\/index.php\/technische-daten-hd-tab-5-lite-2\/\"]}]},{\"@type\":\"BreadcrumbList\",\"@id\":\"https:\/\/www.rover-instruments.de\/index.php\/technische-daten-hd-tab-5-lite-2\/#breadcrumb\",\"itemListElement\":[{\"@type\":\"ListItem\",\"position\":1,\"name\":\"Startseite\",\"item\":\"https:\/\/www.rover-instruments.de\/\"},{\"@type\":\"ListItem\",\"position\":2,\"name\":\"Technische Daten HD TAB 5 LITE\"}]},{\"@type\":\"WebSite\",\"@id\":\"https:\/\/www.rover-instruments.de\/#website\",\"url\":\"https:\/\/www.rover-instruments.de\/\",\"name\":\"ROVER Instruments\",\"description\":\"Messger\u00e4te f\u00fcr Satellit, Kabel, Terrestrik\",\"publisher\":{\"@id\":\"https:\/\/www.rover-instruments.de\/#organization\"},\"potentialAction\":[{\"@type\":\"SearchAction\",\"target\":{\"@type\":\"EntryPoint\",\"urlTemplate\":\"https:\/\/www.rover-instruments.de\/?s={search_term_string}\"},\"query-input\":{\"@type\":\"PropertyValueSpecification\",\"valueRequired\":true,\"valueName\":\"search_term_string\"}}],\"inLanguage\":\"de\"},{\"@type\":\"Organization\",\"@id\":\"https:\/\/www.rover-instruments.de\/#organization\",\"name\":\"Rover Instruments\",\"url\":\"https:\/\/www.rover-instruments.de\/\",\"logo\":{\"@type\":\"ImageObject\",\"inLanguage\":\"de\",\"@id\":\"https:\/\/www.rover-instruments.de\/#\/schema\/logo\/image\/\",\"url\":\"https:\/\/rover-instruments.de\/wp-content\/uploads\/2022\/05\/logo-ROVER-Instruments-512.jpg\",\"contentUrl\":\"https:\/\/rover-instruments.de\/wp-content\/uploads\/2022\/05\/logo-ROVER-Instruments-512.jpg\",\"width\":512,\"height\":182,\"caption\":\"Rover Instruments\"},\"image\":{\"@id\":\"https:\/\/www.rover-instruments.de\/#\/schema\/logo\/image\/\"}}]}<\/script>\n<!-- \/ Yoast SEO plugin. -->","yoast_head_json":{"title":"Technische Daten HD TAB 5 LITE - ROVER Instruments","description":"Technische Daten HD TAB 5 LITE mit allen derzeit aktuellen Werten der Messger\u00e4te ROVER INSTRUMENTS KREILING TECHNOLOGIEN","robots":{"index":"index","follow":"follow","max-snippet":"max-snippet:-1","max-image-preview":"max-image-preview:large","max-video-preview":"max-video-preview:-1"},"canonical":"https:\/\/www.rover-instruments.de\/index.php\/technische-daten-hd-tab-5-lite-2\/","og_locale":"de_DE","og_type":"article","og_title":"Technische Daten HD TAB 5 LITE - ROVER Instruments","og_description":"Technische Daten HD TAB 5 LITE mit allen derzeit aktuellen Werten der Messger\u00e4te ROVER INSTRUMENTS KREILING TECHNOLOGIEN","og_url":"https:\/\/www.rover-instruments.de\/index.php\/technische-daten-hd-tab-5-lite-2\/","og_site_name":"ROVER Instruments","article_modified_time":"2025-02-19T08:16:47+00:00","twitter_card":"summary_large_image","twitter_misc":{"Gesch\u00e4tzte Lesezeit":"2\u00a0Minuten"},"schema":{"@context":"https:\/\/schema.org","@graph":[{"@type":"WebPage","@id":"https:\/\/www.rover-instruments.de\/index.php\/technische-daten-hd-tab-5-lite-2\/","url":"https:\/\/www.rover-instruments.de\/index.php\/technische-daten-hd-tab-5-lite-2\/","name":"Technische Daten HD TAB 5 LITE - ROVER Instruments","isPartOf":{"@id":"https:\/\/www.rover-instruments.de\/#website"},"datePublished":"2023-03-30T11:28:51+00:00","dateModified":"2025-02-19T08:16:47+00:00","description":"Technische Daten HD TAB 5 LITE mit allen derzeit aktuellen Werten der Messger\u00e4te ROVER INSTRUMENTS KREILING TECHNOLOGIEN","breadcrumb":{"@id":"https:\/\/www.rover-instruments.de\/index.php\/technische-daten-hd-tab-5-lite-2\/#breadcrumb"},"inLanguage":"de","potentialAction":[{"@type":"ReadAction","target":["https:\/\/www.rover-instruments.de\/index.php\/technische-daten-hd-tab-5-lite-2\/"]}]},{"@type":"BreadcrumbList","@id":"https:\/\/www.rover-instruments.de\/index.php\/technische-daten-hd-tab-5-lite-2\/#breadcrumb","itemListElement":[{"@type":"ListItem","position":1,"name":"Startseite","item":"https:\/\/www.rover-instruments.de\/"},{"@type":"ListItem","position":2,"name":"Technische Daten HD TAB 5 LITE"}]},{"@type":"WebSite","@id":"https:\/\/www.rover-instruments.de\/#website","url":"https:\/\/www.rover-instruments.de\/","name":"ROVER Instruments","description":"Messger\u00e4te f\u00fcr Satellit, Kabel, Terrestrik","publisher":{"@id":"https:\/\/www.rover-instruments.de\/#organization"},"potentialAction":[{"@type":"SearchAction","target":{"@type":"EntryPoint","urlTemplate":"https:\/\/www.rover-instruments.de\/?s={search_term_string}"},"query-input":{"@type":"PropertyValueSpecification","valueRequired":true,"valueName":"search_term_string"}}],"inLanguage":"de"},{"@type":"Organization","@id":"https:\/\/www.rover-instruments.de\/#organization","name":"Rover Instruments","url":"https:\/\/www.rover-instruments.de\/","logo":{"@type":"ImageObject","inLanguage":"de","@id":"https:\/\/www.rover-instruments.de\/#\/schema\/logo\/image\/","url":"https:\/\/rover-instruments.de\/wp-content\/uploads\/2022\/05\/logo-ROVER-Instruments-512.jpg","contentUrl":"https:\/\/rover-instruments.de\/wp-content\/uploads\/2022\/05\/logo-ROVER-Instruments-512.jpg","width":512,"height":182,"caption":"Rover Instruments"},"image":{"@id":"https:\/\/www.rover-instruments.de\/#\/schema\/logo\/image\/"}}]}},"_links":{"self":[{"href":"https:\/\/www.rover-instruments.de\/index.php\/wp-json\/wp\/v2\/pages\/3526","targetHints":{"allow":["GET"]}}],"collection":[{"href":"https:\/\/www.rover-instruments.de\/index.php\/wp-json\/wp\/v2\/pages"}],"about":[{"href":"https:\/\/www.rover-instruments.de\/index.php\/wp-json\/wp\/v2\/types\/page"}],"author":[{"embeddable":true,"href":"https:\/\/www.rover-instruments.de\/index.php\/wp-json\/wp\/v2\/users\/1"}],"replies":[{"embeddable":true,"href":"https:\/\/www.rover-instruments.de\/index.php\/wp-json\/wp\/v2\/comments?post=3526"}],"version-history":[{"count":16,"href":"https:\/\/www.rover-instruments.de\/index.php\/wp-json\/wp\/v2\/pages\/3526\/revisions"}],"predecessor-version":[{"id":4222,"href":"https:\/\/www.rover-instruments.de\/index.php\/wp-json\/wp\/v2\/pages\/3526\/revisions\/4222"}],"wp:attachment":[{"href":"https:\/\/www.rover-instruments.de\/index.php\/wp-json\/wp\/v2\/media?parent=3526"}],"curies":[{"name":"wp","href":"https:\/\/api.w.org\/{rel}","templated":true}]}}