{"id":381,"date":"2022-05-12T13:13:39","date_gmt":"2022-05-12T11:13:39","guid":{"rendered":"https:\/\/rover-instruments.de\/wordpress\/?page_id=381"},"modified":"2025-02-19T09:20:44","modified_gmt":"2025-02-19T08:20:44","slug":"technische-daten-hd-tab-9-plus","status":"publish","type":"page","link":"https:\/\/www.rover-instruments.de\/index.php\/technische-daten-hd-tab-9-plus\/","title":{"rendered":"Technische Daten HD TAB 9 PLUS"},"content":{"rendered":"\t\t<div data-elementor-type=\"wp-page\" data-elementor-id=\"381\" class=\"elementor elementor-381\" data-elementor-post-type=\"page\">\n\t\t\t\t\t\t<section class=\"elementor-section elementor-top-section elementor-element elementor-element-d00 elementor-section-boxed elementor-section-height-default elementor-section-height-default wpr-particle-no wpr-jarallax-no wpr-parallax-no wpr-sticky-section-no\" data-id=\"d00\" data-element_type=\"section\" data-e-type=\"section\">\n\t\t\t\t\t\t<div class=\"elementor-container elementor-column-gap-default\">\n\t\t\t\t\t<div class=\"elementor-column elementor-col-100 elementor-top-column elementor-element elementor-element-19b1\" data-id=\"19b1\" data-element_type=\"column\" data-e-type=\"column\">\n\t\t\t<div class=\"elementor-widget-wrap elementor-element-populated\">\n\t\t\t\t\t\t<div class=\"elementor-element elementor-element-3375 elementor-widget elementor-widget-heading\" data-id=\"3375\" data-element_type=\"widget\" data-e-type=\"widget\" data-widget_type=\"heading.default\">\n\t\t\t\t<div class=\"elementor-widget-container\">\n\t\t\t\t\t<h2 class=\"elementor-heading-title elementor-size-default\">Technische Daten HD TAB 9 PLUS<\/h2>\t\t\t\t<\/div>\n\t\t\t\t<\/div>\n\t\t\t\t\t<\/div>\n\t\t<\/div>\n\t\t\t\t\t<\/div>\n\t\t<\/section>\n\t\t\t\t<section class=\"elementor-section elementor-top-section elementor-element elementor-element-7291 elementor-section-boxed elementor-section-height-default elementor-section-height-default wpr-particle-no wpr-jarallax-no wpr-parallax-no wpr-sticky-section-no\" data-id=\"7291\" data-element_type=\"section\" data-e-type=\"section\">\n\t\t\t\t\t\t<div class=\"elementor-container elementor-column-gap-default\">\n\t\t\t\t\t<div class=\"elementor-column elementor-col-100 elementor-top-column elementor-element elementor-element-58c0\" data-id=\"58c0\" data-element_type=\"column\" data-e-type=\"column\">\n\t\t\t<div class=\"elementor-widget-wrap elementor-element-populated\">\n\t\t\t\t\t\t<div class=\"elementor-element elementor-element-1703 elementor-widget elementor-widget-text-editor\" data-id=\"1703\" data-element_type=\"widget\" data-e-type=\"widget\" data-widget_type=\"text-editor.default\">\n\t\t\t\t<div class=\"elementor-widget-container\">\n\t\t\t\t\t\t\t\t\t<p><strong>HAUPTFUNKTIONEN<\/strong><\/p><p>\u2022\u00a0<strong>Frequenz-Bereich:<\/strong>\u00a0TV and CATV TUNER, erweitertes Band, 4-1.250 MHz\u00a0 SAT TUNER 950-2.610 MHz<\/p><p>\u2022\u00a0<strong>Frequenz-Aufl\u00f6sung:<\/strong>\u00a0TV and CATV 25 KHz, SAT: 5 oder 1 MHz w\u00e4hlbar<\/p><p>\u2022\u00a0<strong>Eingangs-Imdepanz:<\/strong>\u00a075 Ohm (austauschbare \u201cF\u201d Stecker)<\/p><p>\u2022\u00a0<strong>Power range Messungen:<\/strong>\u00a0TV 28 bis 130 dB\u00b5V, SAT 30 bis 130 dB\u00b5V<\/p><p>\u2022\u00a0<strong>Digitale Messungen:<\/strong>\u00a0Digital Power, MER (32 bis 42 dB abh\u00e4ngig von der Moulation), BER, PER,\u00a0 LDPC, BCH, Noise Margin, MER versus CARRIER<\/p><p>\u2022\u00a0<strong>Analoge Messungen und Bild:<\/strong>\u00a0Analog Level, V\/A ratio<\/p><p>\u2022\u00a0<strong>Aufl\u00f6sung Messungen:<\/strong>\u00a00,1 dB<\/p><p>\u2022\u00a0<strong>Level Messgenauigkeit:<\/strong>\u00a01 dB typ. (max. 2 dB)<\/p><p>\u2022\u00a0<strong>Filteraufl\u00f6sung Bandbreite:<\/strong> TV und CATV: 100 KHz @ -3dB\u00a0\u00a0 SAT 1 MHz oder 5 MHz @-3 dB w\u00e4hlbar<\/p><p>\u2022\u00a0<strong>Konstellation:<\/strong>\u00a0f\u00fcr TV\/CATV und SAT Signale<\/p><p>\u2022\u00a0<strong>Spektrum:<\/strong>\u00a0Echtzeit, MAX HOLD und Spektrumspeicherung mit Echtzeitvergleichsfunktion<\/p><p>\u2022\u00a0<strong>Netz-ID:<\/strong>\u00a0Net-id, NID, TSID, LCN, SAT Orbit Position<\/p><p>\u2022\u00a0<strong>Echos, Pre-Echos, Micro-Echos:<\/strong>\u00a0Echtzeitanzeige<\/p><p>\u2022\u00a0<strong>Qualit\u00e4t:<\/strong>\u00a0Digitaler-Auto-Qualit\u00e4ts-Test: PASS-MARGINAL-FAIL<\/p><p>\u2022\u00a0<strong>TS:<\/strong>\u00a0TR 101-290 c 1.2.1 Analyse, SI, PMT, bit rate, network delay, MPEG Service und Tabellen<\/p><p>\u2022\u00a0<strong>IPTV:<\/strong>\u00a0Messungen und Bilddecodierung<\/p><p>\u2022\u00a0<strong>optische Leistungsmessung<\/strong>\u00a0mit austauschbaren Steckern (FC-ST-CS)<\/p><p>\u2022\u00a0<strong>ETR 101-290 T.S. Analyse<\/strong><\/p><p>\u2022\u00a0<strong>exklusiv patentiertes ROVER AUTODISCOVERY-System:<\/strong> erkennt und w\u00e4hlt automatisch analoge und digitale COFDM\/QAM TV<\/p><p>Signale in Messungs- und Spektrums-Modus.<\/p><p>\u2022\u00a0<strong>Hilfe-Funktion:<\/strong>\u00a0erkennt automatische alle Signale mit digitaler Modulation SAT, TV und CATV<\/p><p>\u2022\u00a0<strong>automatischer Assistent:<\/strong>\u00a0Signal-Qualit\u00e4ts-Anlayse, Speichern des Kanalsuchlaufs<\/p><p>\u2022\u00a0<strong>Barscan TV und CATV:<\/strong>\u00a010 bis 100 Kan\u00e4le auf einem Bildschirm<\/p><p>\u2022\u00a0<strong>Summer und Rausschabstand:<\/strong>\u00a0Echtzeitanzeige f\u00fcr Mikrost\u00f6rungen \u2013 digitale Signale<\/p><p>\u2022\u00a0<strong>Reflektometer-App<\/strong><\/p><p>\u2022\u00a0<strong>Prodrive Test:<\/strong>\u00a0Fern\u00fcberwachung und Protokollierung: TS, Messungen, Spektrum, Vorschaubilder<\/p><p>\u2022\u00a0<strong>LAN:<\/strong>\u00a0RJ 45 10\/100 Basis-Ethernet<\/p><p>\u2022\u00a0<strong>USB 2.0:<\/strong>\u00a0Type A (USB-Laufwerk), Typ B (PC-Schnittstelle)<\/p><p>\u2022\u00a0<strong>Audio:<\/strong>\u00a0AAC, DOLBY (optional)<\/p><p>\u00a0 F\u00fcr manche Ton\u00fcbertragungen insbesondere bei \u00f6ffentlich-rechtlichen Programmen im<\/p><p>\u00a0 Breitbandkabel muss das optionale DOLBY Paket gekauft werden.<\/p><p>\u2022\u00a0<strong>Digitale Bilder:<\/strong>\u00a0MPEG2-4SD &amp; HD Bilder mit Programmlisten, Audio-Video PIDs, LCN,<\/p><p>\u00a0 Video-Bitrate auf einem Bildschirm<\/p><p>\u2022\u00a0<strong>Asynchronous Serial Interface (ASI):<\/strong>\u00a0ASI-Ein- und Ausgang mit 75 Ohm BNC-Stecker<\/p><p>\u2022\u00a0<strong>Schnittstelle:<\/strong>\u00a0PCMCIA Eingang f\u00fcr Single\/Multi CAM-Module<\/p><p><strong>EINIGE OPTIONEN ZUS\u00c4TZLICH BESTELLBAR AB WERK<\/strong><\/p><p><strong>Allgemeine Spezifikationen<\/strong><\/p><p>\u2022\u00a0<strong>9\u201dTFT TOUCH Display<\/strong>\u00a016:9 hochaufl\u00f6send<\/p><p>\u2022\u00a0<strong>Batterie:<\/strong>\u00a0Li-Po Batterie, 6 Stunden Laufzeit &amp; Batterie-Test-Funktion<\/p><p>\u2022\u00a0<strong>Gleichspannung am HF-Eingang<\/strong>\u00a05 &#8211; 12 \u2013 18 &#8211; 24 V, DiSEqC, SCR, dCSS.<\/p><p>\u2022\u00a0<strong>USB-PC Schnittstelle<\/strong><\/p><p>\u2022\u00a0<strong>Frontblende:\u00a0<\/strong>Alpha-Numerische-Tastatur<\/p><p>\u2022\u00a0<strong>Energiesparmodus<\/strong><\/p><p>\u2022\u00a0<strong>Geh\u00e4use &amp; Tasche:<\/strong>\u00a0Metall-Geh\u00e4use und Tasche.<\/p><p>\u2022\u00a0<strong>Gewicht:<\/strong>\u00a02,6 kg. Abmessungen 29,0 x 17,0 x 5,5 cm (nur Messger\u00e4t)<\/p><p>\u00a0<\/p><p>\u00c4nderungen\/Irrt\u00fcmer vorbehalten!<\/p>\t\t\t\t\t\t\t\t<\/div>\n\t\t\t\t<\/div>\n\t\t\t\t\t<\/div>\n\t\t<\/div>\n\t\t\t\t\t<\/div>\n\t\t<\/section>\n\t\t\t\t<\/div>\n\t\t","protected":false},"excerpt":{"rendered":"<p>Technische Daten HD TAB 9 PLUS HAUPTFUNKTIONEN \u2022\u00a0Frequenz-Bereich:\u00a0TV and CATV TUNER, erweitertes Band, 4-1.250 MHz\u00a0 SAT TUNER 950-2.610 MHz \u2022\u00a0Frequenz-Aufl\u00f6sung:\u00a0TV and CATV 25 KHz, SAT: 5 oder 1 MHz w\u00e4hlbar \u2022\u00a0Eingangs-Imdepanz:\u00a075 Ohm (austauschbare \u201cF\u201d Stecker) \u2022\u00a0Power range Messungen:\u00a0TV 28 bis 130 dB\u00b5V, SAT 30 bis 130 dB\u00b5V \u2022\u00a0Digitale Messungen:\u00a0Digital Power, MER (32 bis 42 dB abh\u00e4ngig von der Moulation), BER, PER,\u00a0 LDPC, BCH, Noise Margin, MER versus CARRIER \u2022\u00a0Analoge Messungen und Bild:\u00a0Analog Level, V\/A ratio \u2022\u00a0Aufl\u00f6sung Messungen:\u00a00,1 dB \u2022\u00a0Level Messgenauigkeit:\u00a01 dB typ. (max. 2 dB) \u2022\u00a0Filteraufl\u00f6sung Bandbreite: TV und CATV: 100 KHz @ -3dB\u00a0\u00a0 SAT 1 MHz oder 5 MHz @-3 dB w\u00e4hlbar \u2022\u00a0Konstellation:\u00a0f\u00fcr TV\/CATV und SAT Signale \u2022\u00a0Spektrum:\u00a0Echtzeit, MAX HOLD und Spektrumspeicherung mit Echtzeitvergleichsfunktion \u2022\u00a0Netz-ID:\u00a0Net-id, NID, TSID, LCN, SAT Orbit Position \u2022\u00a0Echos, Pre-Echos, Micro-Echos:\u00a0Echtzeitanzeige \u2022\u00a0Qualit\u00e4t:\u00a0Digitaler-Auto-Qualit\u00e4ts-Test: PASS-MARGINAL-FAIL \u2022\u00a0TS:\u00a0TR 101-290 c 1.2.1 Analyse, SI, PMT, bit rate, network delay, MPEG Service und Tabellen \u2022\u00a0IPTV:\u00a0Messungen und Bilddecodierung \u2022\u00a0optische Leistungsmessung\u00a0mit austauschbaren Steckern (FC-ST-CS) \u2022\u00a0ETR 101-290 T.S. Analyse \u2022\u00a0exklusiv patentiertes ROVER AUTODISCOVERY-System: erkennt und w\u00e4hlt automatisch analoge und digitale COFDM\/QAM TV Signale in Messungs- und Spektrums-Modus. \u2022\u00a0Hilfe-Funktion:\u00a0erkennt automatische alle Signale mit digitaler Modulation SAT, TV und CATV \u2022\u00a0automatischer Assistent:\u00a0Signal-Qualit\u00e4ts-Anlayse, Speichern des Kanalsuchlaufs \u2022\u00a0Barscan TV und CATV:\u00a010 bis 100 Kan\u00e4le auf einem Bildschirm \u2022\u00a0Summer und Rausschabstand:\u00a0Echtzeitanzeige f\u00fcr Mikrost\u00f6rungen \u2013 digitale Signale \u2022\u00a0Reflektometer-App \u2022\u00a0Prodrive Test:\u00a0Fern\u00fcberwachung und Protokollierung: TS, Messungen, Spektrum, Vorschaubilder \u2022\u00a0LAN:\u00a0RJ 45 10\/100 Basis-Ethernet \u2022\u00a0USB 2.0:\u00a0Type A (USB-Laufwerk), Typ B (PC-Schnittstelle) \u2022\u00a0Audio:\u00a0AAC, DOLBY (optional) \u00a0 F\u00fcr manche Ton\u00fcbertragungen insbesondere bei \u00f6ffentlich-rechtlichen Programmen im \u00a0 Breitbandkabel muss das optionale DOLBY Paket gekauft werden. \u2022\u00a0Digitale Bilder:\u00a0MPEG2-4SD &amp; HD Bilder mit Programmlisten, Audio-Video PIDs, LCN, \u00a0 Video-Bitrate auf einem Bildschirm \u2022\u00a0Asynchronous Serial Interface (ASI):\u00a0ASI-Ein- und Ausgang mit 75 Ohm BNC-Stecker \u2022\u00a0Schnittstelle:\u00a0PCMCIA Eingang f\u00fcr Single\/Multi CAM-Module EINIGE OPTIONEN ZUS\u00c4TZLICH BESTELLBAR AB WERK Allgemeine Spezifikationen \u2022\u00a09\u201dTFT TOUCH Display\u00a016:9 hochaufl\u00f6send \u2022\u00a0Batterie:\u00a0Li-Po Batterie, 6 Stunden Laufzeit &amp; Batterie-Test-Funktion \u2022\u00a0Gleichspannung am HF-Eingang\u00a05 &#8211; 12 \u2013 18 &#8211; 24 V, DiSEqC, SCR, dCSS. \u2022\u00a0USB-PC Schnittstelle \u2022\u00a0Frontblende:\u00a0Alpha-Numerische-Tastatur \u2022\u00a0Energiesparmodus \u2022\u00a0Geh\u00e4use &amp; Tasche:\u00a0Metall-Geh\u00e4use und Tasche. \u2022\u00a0Gewicht:\u00a02,6 kg. Abmessungen 29,0 x 17,0 x 5,5 cm (nur Messger\u00e4t) \u00a0 \u00c4nderungen\/Irrt\u00fcmer vorbehalten!<\/p>\n","protected":false},"author":1,"featured_media":0,"parent":0,"menu_order":0,"comment_status":"closed","ping_status":"closed","template":"","meta":{"footnotes":""},"class_list":["post-381","page","type-page","status-publish","hentry"],"yoast_head":"<!-- This site is optimized with the Yoast SEO plugin v26.9 - https:\/\/yoast.com\/product\/yoast-seo-wordpress\/ -->\n<title>Technische Daten HD TAB 9 PLUS - ROVER Instruments<\/title>\n<meta name=\"description\" content=\"Technische Daten HD TAB 9 PLUS mit allen derzeit aktuellen Werten der Messger\u00e4te ROVER INSTRUMENTS KREILING TECHNOLOGIEN\" \/>\n<meta name=\"robots\" content=\"index, follow, max-snippet:-1, max-image-preview:large, max-video-preview:-1\" \/>\n<link rel=\"canonical\" href=\"https:\/\/www.rover-instruments.de\/index.php\/technische-daten-hd-tab-9-plus\/\" \/>\n<meta property=\"og:locale\" content=\"de_DE\" \/>\n<meta property=\"og:type\" content=\"article\" \/>\n<meta property=\"og:title\" content=\"Technische Daten HD TAB 9 PLUS - ROVER Instruments\" \/>\n<meta property=\"og:description\" content=\"Technische Daten HD TAB 9 PLUS mit allen derzeit aktuellen Werten der Messger\u00e4te ROVER INSTRUMENTS KREILING TECHNOLOGIEN\" \/>\n<meta property=\"og:url\" content=\"https:\/\/www.rover-instruments.de\/index.php\/technische-daten-hd-tab-9-plus\/\" \/>\n<meta property=\"og:site_name\" content=\"ROVER Instruments\" \/>\n<meta property=\"article:modified_time\" content=\"2025-02-19T08:20:44+00:00\" \/>\n<meta name=\"twitter:card\" content=\"summary_large_image\" \/>\n<meta name=\"twitter:label1\" content=\"Gesch\u00e4tzte Lesezeit\" \/>\n\t<meta name=\"twitter:data1\" content=\"3\u00a0Minuten\" \/>\n<script type=\"application\/ld+json\" class=\"yoast-schema-graph\">{\"@context\":\"https:\/\/schema.org\",\"@graph\":[{\"@type\":\"WebPage\",\"@id\":\"https:\/\/www.rover-instruments.de\/index.php\/technische-daten-hd-tab-9-plus\/\",\"url\":\"https:\/\/www.rover-instruments.de\/index.php\/technische-daten-hd-tab-9-plus\/\",\"name\":\"Technische Daten HD TAB 9 PLUS - ROVER Instruments\",\"isPartOf\":{\"@id\":\"https:\/\/www.rover-instruments.de\/#website\"},\"datePublished\":\"2022-05-12T11:13:39+00:00\",\"dateModified\":\"2025-02-19T08:20:44+00:00\",\"description\":\"Technische Daten HD TAB 9 PLUS mit allen derzeit aktuellen Werten der Messger\u00e4te ROVER INSTRUMENTS KREILING TECHNOLOGIEN\",\"breadcrumb\":{\"@id\":\"https:\/\/www.rover-instruments.de\/index.php\/technische-daten-hd-tab-9-plus\/#breadcrumb\"},\"inLanguage\":\"de\",\"potentialAction\":[{\"@type\":\"ReadAction\",\"target\":[\"https:\/\/www.rover-instruments.de\/index.php\/technische-daten-hd-tab-9-plus\/\"]}]},{\"@type\":\"BreadcrumbList\",\"@id\":\"https:\/\/www.rover-instruments.de\/index.php\/technische-daten-hd-tab-9-plus\/#breadcrumb\",\"itemListElement\":[{\"@type\":\"ListItem\",\"position\":1,\"name\":\"Startseite\",\"item\":\"https:\/\/www.rover-instruments.de\/\"},{\"@type\":\"ListItem\",\"position\":2,\"name\":\"Technische Daten HD TAB 9 PLUS\"}]},{\"@type\":\"WebSite\",\"@id\":\"https:\/\/www.rover-instruments.de\/#website\",\"url\":\"https:\/\/www.rover-instruments.de\/\",\"name\":\"ROVER Instruments\",\"description\":\"Messger\u00e4te f\u00fcr Satellit, Kabel, Terrestrik\",\"publisher\":{\"@id\":\"https:\/\/www.rover-instruments.de\/#organization\"},\"potentialAction\":[{\"@type\":\"SearchAction\",\"target\":{\"@type\":\"EntryPoint\",\"urlTemplate\":\"https:\/\/www.rover-instruments.de\/?s={search_term_string}\"},\"query-input\":{\"@type\":\"PropertyValueSpecification\",\"valueRequired\":true,\"valueName\":\"search_term_string\"}}],\"inLanguage\":\"de\"},{\"@type\":\"Organization\",\"@id\":\"https:\/\/www.rover-instruments.de\/#organization\",\"name\":\"Rover Instruments\",\"url\":\"https:\/\/www.rover-instruments.de\/\",\"logo\":{\"@type\":\"ImageObject\",\"inLanguage\":\"de\",\"@id\":\"https:\/\/www.rover-instruments.de\/#\/schema\/logo\/image\/\",\"url\":\"https:\/\/rover-instruments.de\/wp-content\/uploads\/2022\/05\/logo-ROVER-Instruments-512.jpg\",\"contentUrl\":\"https:\/\/rover-instruments.de\/wp-content\/uploads\/2022\/05\/logo-ROVER-Instruments-512.jpg\",\"width\":512,\"height\":182,\"caption\":\"Rover Instruments\"},\"image\":{\"@id\":\"https:\/\/www.rover-instruments.de\/#\/schema\/logo\/image\/\"}}]}<\/script>\n<!-- \/ Yoast SEO plugin. -->","yoast_head_json":{"title":"Technische Daten HD TAB 9 PLUS - ROVER Instruments","description":"Technische Daten HD TAB 9 PLUS mit allen derzeit aktuellen Werten der Messger\u00e4te ROVER INSTRUMENTS KREILING TECHNOLOGIEN","robots":{"index":"index","follow":"follow","max-snippet":"max-snippet:-1","max-image-preview":"max-image-preview:large","max-video-preview":"max-video-preview:-1"},"canonical":"https:\/\/www.rover-instruments.de\/index.php\/technische-daten-hd-tab-9-plus\/","og_locale":"de_DE","og_type":"article","og_title":"Technische Daten HD TAB 9 PLUS - ROVER Instruments","og_description":"Technische Daten HD TAB 9 PLUS mit allen derzeit aktuellen Werten der Messger\u00e4te ROVER INSTRUMENTS KREILING TECHNOLOGIEN","og_url":"https:\/\/www.rover-instruments.de\/index.php\/technische-daten-hd-tab-9-plus\/","og_site_name":"ROVER Instruments","article_modified_time":"2025-02-19T08:20:44+00:00","twitter_card":"summary_large_image","twitter_misc":{"Gesch\u00e4tzte Lesezeit":"3\u00a0Minuten"},"schema":{"@context":"https:\/\/schema.org","@graph":[{"@type":"WebPage","@id":"https:\/\/www.rover-instruments.de\/index.php\/technische-daten-hd-tab-9-plus\/","url":"https:\/\/www.rover-instruments.de\/index.php\/technische-daten-hd-tab-9-plus\/","name":"Technische Daten HD TAB 9 PLUS - ROVER Instruments","isPartOf":{"@id":"https:\/\/www.rover-instruments.de\/#website"},"datePublished":"2022-05-12T11:13:39+00:00","dateModified":"2025-02-19T08:20:44+00:00","description":"Technische Daten HD TAB 9 PLUS mit allen derzeit aktuellen Werten der Messger\u00e4te ROVER INSTRUMENTS KREILING TECHNOLOGIEN","breadcrumb":{"@id":"https:\/\/www.rover-instruments.de\/index.php\/technische-daten-hd-tab-9-plus\/#breadcrumb"},"inLanguage":"de","potentialAction":[{"@type":"ReadAction","target":["https:\/\/www.rover-instruments.de\/index.php\/technische-daten-hd-tab-9-plus\/"]}]},{"@type":"BreadcrumbList","@id":"https:\/\/www.rover-instruments.de\/index.php\/technische-daten-hd-tab-9-plus\/#breadcrumb","itemListElement":[{"@type":"ListItem","position":1,"name":"Startseite","item":"https:\/\/www.rover-instruments.de\/"},{"@type":"ListItem","position":2,"name":"Technische Daten HD TAB 9 PLUS"}]},{"@type":"WebSite","@id":"https:\/\/www.rover-instruments.de\/#website","url":"https:\/\/www.rover-instruments.de\/","name":"ROVER Instruments","description":"Messger\u00e4te f\u00fcr Satellit, Kabel, Terrestrik","publisher":{"@id":"https:\/\/www.rover-instruments.de\/#organization"},"potentialAction":[{"@type":"SearchAction","target":{"@type":"EntryPoint","urlTemplate":"https:\/\/www.rover-instruments.de\/?s={search_term_string}"},"query-input":{"@type":"PropertyValueSpecification","valueRequired":true,"valueName":"search_term_string"}}],"inLanguage":"de"},{"@type":"Organization","@id":"https:\/\/www.rover-instruments.de\/#organization","name":"Rover Instruments","url":"https:\/\/www.rover-instruments.de\/","logo":{"@type":"ImageObject","inLanguage":"de","@id":"https:\/\/www.rover-instruments.de\/#\/schema\/logo\/image\/","url":"https:\/\/rover-instruments.de\/wp-content\/uploads\/2022\/05\/logo-ROVER-Instruments-512.jpg","contentUrl":"https:\/\/rover-instruments.de\/wp-content\/uploads\/2022\/05\/logo-ROVER-Instruments-512.jpg","width":512,"height":182,"caption":"Rover Instruments"},"image":{"@id":"https:\/\/www.rover-instruments.de\/#\/schema\/logo\/image\/"}}]}},"_links":{"self":[{"href":"https:\/\/www.rover-instruments.de\/index.php\/wp-json\/wp\/v2\/pages\/381","targetHints":{"allow":["GET"]}}],"collection":[{"href":"https:\/\/www.rover-instruments.de\/index.php\/wp-json\/wp\/v2\/pages"}],"about":[{"href":"https:\/\/www.rover-instruments.de\/index.php\/wp-json\/wp\/v2\/types\/page"}],"author":[{"embeddable":true,"href":"https:\/\/www.rover-instruments.de\/index.php\/wp-json\/wp\/v2\/users\/1"}],"replies":[{"embeddable":true,"href":"https:\/\/www.rover-instruments.de\/index.php\/wp-json\/wp\/v2\/comments?post=381"}],"version-history":[{"count":14,"href":"https:\/\/www.rover-instruments.de\/index.php\/wp-json\/wp\/v2\/pages\/381\/revisions"}],"predecessor-version":[{"id":4237,"href":"https:\/\/www.rover-instruments.de\/index.php\/wp-json\/wp\/v2\/pages\/381\/revisions\/4237"}],"wp:attachment":[{"href":"https:\/\/www.rover-instruments.de\/index.php\/wp-json\/wp\/v2\/media?parent=381"}],"curies":[{"name":"wp","href":"https:\/\/api.w.org\/{rel}","templated":true}]}}